{"id":160,"date":"2017-10-20T13:03:23","date_gmt":"2017-10-20T13:03:23","guid":{"rendered":"http:\/\/new.skrivanek.be\/?page_id=160"},"modified":"2025-08-20T09:43:13","modified_gmt":"2025-08-20T09:43:13","slug":"ons-team","status":"publish","type":"page","link":"https:\/\/skrivanek.be\/nl\/ons-team\/","title":{"rendered":"Ons Team"},"content":{"rendered":"<div class=\"wpb-content-wrapper\"><p>[vc_row][vc_column margin_b=&#8221;false&#8221;][\/vc_column][\/vc_row][vc_row full_width=&#8221;true&#8221;][vc_column][vc_row_inner equal_height=&#8221;yes&#8221;][vc_column_inner width=&#8221;1\/3&#8243; css=&#8221;.vc_custom_1508497650664{margin-top: 10px !important;margin-right: 10px !important;margin-bottom: 10px !important;margin-left: 10px !important;border-top-width: 1px !important;border-right-width: 1px !important;border-bottom-width: 1px !important;border-left-width: 1px !important;border-left-color: #b5b5b5 !important;border-left-style: dashed !important;border-right-color: #b5b5b5 !important;border-right-style: dashed !important;border-top-color: #b5b5b5 !important;border-top-style: dashed !important;border-bottom-color: #b5b5b5 !important;border-bottom-style: dashed !important;border-radius: 10px !important;}&#8221;][vc_single_image image=&#8221;8659&#8243; img_size=&#8221;medium&#8221; alignment=&#8221;center&#8221; css=&#8221;&#8221;][vc_column_text]<\/p>\n<p style=\"text-align: center;\"><strong>Astrid Hager<\/strong><\/p>\n<p style=\"text-align: center;\"><strong>Managing director<\/strong><\/p>\n<p style=\"text-align: center;\">Een 24\/7 \u201cpower woman\u201d, stijlvol, ziet altijd het grotere geheel, is empathisch, geeft onderbouwende kritiek, een ster in \u00e9\u00e9n-op-\u00e9\u00e9n contact.<\/p>\n<p style=\"text-align: center;\">Adviseert u in het Duits, Engels, Russisch en Frans<\/p>\n<p>[\/vc_column_text][\/vc_column_inner][vc_column_inner width=&#8221;1\/3&#8243; css=&#8221;.vc_custom_1508497746640{margin-top: 10px !important;margin-right: 10px !important;margin-bottom: 10px !important;margin-left: 10px !important;border-top-width: 1px !important;border-right-width: 1px !important;border-bottom-width: 1px !important;border-left-width: 1px !important;border-left-color: #b5b5b5 !important;border-left-style: dashed !important;border-right-color: #b5b5b5 !important;border-right-style: dashed !important;border-top-color: #b5b5b5 !important;border-top-style: dashed !important;border-bottom-color: #b5b5b5 !important;border-bottom-style: dashed !important;border-radius: 10px !important;}&#8221;][vc_single_image image=&#8221;8645&#8243; img_size=&#8221;medium&#8221; alignment=&#8221;center&#8221; css=&#8221;&#8221;][vc_column_text]<\/p>\n<p style=\"text-align: center;\"><strong>Stella M\u00e9nier<\/strong><\/p>\n<p style=\"text-align: center;\"><strong>Projectmanager<\/strong><\/p>\n<p style=\"text-align: center;\">Bretagne ontmoet Beieren! Ons programmeringsgenie in het agentschap; ze is de rots in de branding voor onze klanten uit Frankrijk en de Benelux.<\/p>\n<p style=\"text-align: center;\">Adviseert u in het Frans, Engels en Duits<\/p>\n<p>[\/vc_column_text][\/vc_column_inner][vc_column_inner width=&#8221;1\/3&#8243; css=&#8221;.vc_custom_1508497764929{margin-top: 10px !important;margin-right: 10px !important;margin-bottom: 10px !important;margin-left: 10px !important;border-top-width: 1px !important;border-right-width: 1px !important;border-bottom-width: 1px !important;border-left-width: 1px !important;border-left-color: #b5b5b5 !important;border-left-style: dashed !important;border-right-color: #b5b5b5 !important;border-right-style: dashed !important;border-top-color: #b5b5b5 !important;border-top-style: dashed !important;border-bottom-color: #b5b5b5 !important;border-bottom-style: dashed !important;border-radius: 10px !important;}&#8221;][vc_single_image image=&#8221;8640&#8243; img_size=&#8221;medium&#8221; alignment=&#8221;center&#8221; css=&#8221;&#8221;][vc_column_text]<\/p>\n<p style=\"text-align: center;\"><strong>Elisa Montero<\/strong><\/p>\n<p style=\"text-align: center;\"><strong>Senior projectmanager<\/strong><\/p>\n<p style=\"text-align: center;\">Berlijn-liefhebbende 24\/7, restaurantkenner, milieubewust, enthousiaste duiker, immuun voor hectiek, haar motto: Goede vertalingen zitten in de details!<\/p>\n<p style=\"text-align: center;\">Adviseert u in het Spaans, Japans, Duits, Engels en Baskisch.<\/p>\n<p>[\/vc_column_text][\/vc_column_inner][\/vc_row_inner][vc_row_inner equal_height=&#8221;yes&#8221;][vc_column_inner width=&#8221;1\/3&#8243; css=&#8221;.vc_custom_1508497650664{margin-top: 10px !important;margin-right: 10px !important;margin-bottom: 10px !important;margin-left: 10px !important;border-top-width: 1px !important;border-right-width: 1px !important;border-bottom-width: 1px !important;border-left-width: 1px !important;border-left-color: #b5b5b5 !important;border-left-style: dashed !important;border-right-color: #b5b5b5 !important;border-right-style: dashed !important;border-top-color: #b5b5b5 !important;border-top-style: dashed !important;border-bottom-color: #b5b5b5 !important;border-bottom-style: dashed !important;border-radius: 10px !important;}&#8221;][vc_single_image image=&#8221;8657&#8243; img_size=&#8221;medium&#8221; alignment=&#8221;center&#8221; css=&#8221;&#8221;][vc_column_text]<\/p>\n<p style=\"text-align: center;\"><strong>Eleonora Bouvet<\/strong><\/p>\n<p style=\"text-align: center;\"><strong>Senior projectmanager<\/strong><\/p>\n<p style=\"text-align: center;\">Opmerkzaam en zelfverzekerd, &#8220;Alles verandert&#8221; is haar credo voor haarkleuren, humoristisch, filmfestivals, brengt de Italiaanse levensstijl naar kantoor, vaak in de vorm van gebak.<\/p>\n<p style=\"text-align: center;\">Adviseert u in het Italiaans, Duits, Engels en Spaans<\/p>\n<p>[\/vc_column_text][\/vc_column_inner][vc_column_inner width=&#8221;1\/3&#8243; css=&#8221;.vc_custom_1508497746640{margin-top: 10px !important;margin-right: 10px !important;margin-bottom: 10px !important;margin-left: 10px !important;border-top-width: 1px !important;border-right-width: 1px !important;border-bottom-width: 1px !important;border-left-width: 1px !important;border-left-color: #b5b5b5 !important;border-left-style: dashed !important;border-right-color: #b5b5b5 !important;border-right-style: dashed !important;border-top-color: #b5b5b5 !important;border-top-style: dashed !important;border-bottom-color: #b5b5b5 !important;border-bottom-style: dashed !important;border-radius: 10px !important;}&#8221;][vc_single_image image=&#8221;8647&#8243; img_size=&#8221;medium&#8221; alignment=&#8221;center&#8221; css=&#8221;&#8221;][vc_column_text]<\/p>\n<p style=\"text-align: center;\"><strong>Katja Lo\u00dfnitzer<\/strong><\/p>\n<p style=\"text-align: center;\"><strong>Senior projectmanager<\/strong><\/p>\n<p style=\"text-align: center;\">Onze rots in de branding, heeft een aura van rust over haar, korte termijn verzoek voor uiterst zeldzame taalcombinatie? Geen probleem voor Katja.<\/p>\n<p style=\"text-align: center;\">Adviseert u in het Duits, Engels en Tsjechisch<\/p>\n<p>[\/vc_column_text][\/vc_column_inner][vc_column_inner width=&#8221;1\/3&#8243; css=&#8221;.vc_custom_1508497764929{margin-top: 10px !important;margin-right: 10px !important;margin-bottom: 10px !important;margin-left: 10px !important;border-top-width: 1px !important;border-right-width: 1px !important;border-bottom-width: 1px !important;border-left-width: 1px !important;border-left-color: #b5b5b5 !important;border-left-style: dashed !important;border-right-color: #b5b5b5 !important;border-right-style: dashed !important;border-top-color: #b5b5b5 !important;border-top-style: dashed !important;border-bottom-color: #b5b5b5 !important;border-bottom-style: dashed !important;border-radius: 10px !important;}&#8221;][vc_single_image image=&#8221;8655&#8243; img_size=&#8221;medium&#8221; alignment=&#8221;center&#8221; css=&#8221;&#8221;][vc_column_text]<\/p>\n<p style=\"text-align: center;\"><strong>Dita Slehoferova<\/strong><\/p>\n<p style=\"text-align: center;\"><strong>Senior projectmanager<\/strong><\/p>\n<p style=\"text-align: center;\">Ze is rustig in de omgang, en door haar niet geheel ongecompliceerde achternaam is ze binnen de kortste keren bij iedereen bekend.<\/p>\n<p style=\"text-align: center;\">Adviseert u in het Duits, Engels en Tsjechisch<\/p>\n<p>[\/vc_column_text][\/vc_column_inner][\/vc_row_inner][vc_row_inner equal_height=&#8221;yes&#8221;][vc_column_inner width=&#8221;1\/3&#8243; css=&#8221;.vc_custom_1508497746640{margin-top: 10px !important;margin-right: 10px !important;margin-bottom: 10px !important;margin-left: 10px !important;border-top-width: 1px !important;border-right-width: 1px !important;border-bottom-width: 1px !important;border-left-width: 1px !important;border-left-color: #b5b5b5 !important;border-left-style: dashed !important;border-right-color: #b5b5b5 !important;border-right-style: dashed !important;border-top-color: #b5b5b5 !important;border-top-style: dashed !important;border-bottom-color: #b5b5b5 !important;border-bottom-style: dashed !important;border-radius: 10px !important;}&#8221;][vc_single_image image=&#8221;8649&#8243; img_size=&#8221;medium&#8221; alignment=&#8221;center&#8221; css=&#8221;&#8221;][vc_column_text]<\/p>\n<p style=\"text-align: center;\"><strong>Jan Cihak<\/strong><\/p>\n<p style=\"text-align: center;\"><strong>Senior projectmanager<\/strong><\/p>\n<p style=\"text-align: center;\">Hij heeft historische kennis over elke stad in Europa in petto, heeft een grote affiniteit met talen, heeft een sympathieke maar soms wat sullige passie voor bussen en trams, en maakt graag grapjes met klanten.<\/p>\n<p style=\"text-align: center;\">Bijna alle talen, probeer het maar<\/p>\n<p>[\/vc_column_text][\/vc_column_inner][\/vc_row_inner][\/vc_column][\/vc_row]<\/p>\n<\/div>","protected":false},"excerpt":{"rendered":"<p>[vc_row][vc_column margin_b=&#8221;false&#8221;][\/vc_column][\/vc_row][vc_row full_width=&#8221;true&#8221;][vc_column][vc_row_inner equal_height=&#8221;yes&#8221;][vc_column_inner width=&#8221;1\/3&#8243; css=&#8221;.vc_custom_1508497650664{margin-top: 10px !important;margin-right: 10px !important;margin-bottom: 10px !important;margin-left: 10px !important;border-top-width: 1px !important;border-right-width: 1px !important;border-bottom-width: 1px !important;border-left-width:&#8230;<\/p>\n","protected":false},"author":1,"featured_media":0,"parent":0,"menu_order":0,"comment_status":"closed","ping_status":"closed","template":"","meta":{"footnotes":""},"class_list":["post-160","page","type-page","status-publish"],"yoast_head":"<!-- This site is optimized with the Yoast SEO plugin v27.5 - https:\/\/yoast.com\/product\/yoast-seo-wordpress\/ -->\n<title>Ons Team - www.skrivanek.be<\/title>\n<meta name=\"robots\" content=\"index, follow, max-snippet:-1, max-image-preview:large, max-video-preview:-1\" \/>\n<link rel=\"canonical\" href=\"https:\/\/skrivanek.be\/nl\/ons-team\/\" \/>\n<meta property=\"og:locale\" content=\"nl_NL\" \/>\n<meta property=\"og:type\" content=\"article\" \/>\n<meta property=\"og:title\" content=\"Ons Team - www.skrivanek.be\" \/>\n<meta property=\"og:description\" content=\"[vc_row][vc_column margin_b=&#8221;false&#8221;][\/vc_column][\/vc_row][vc_row full_width=&#8221;true&#8221;][vc_column][vc_row_inner equal_height=&#8221;yes&#8221;][vc_column_inner width=&#8221;1\/3&#8243; css=&#8221;.vc_custom_1508497650664{margin-top: 10px !important;margin-right: 10px !important;margin-bottom: 10px !important;margin-left: 10px !important;border-top-width: 1px !important;border-right-width: 1px !important;border-bottom-width: 1px !important;border-left-width:...\" \/>\n<meta property=\"og:url\" content=\"https:\/\/skrivanek.be\/nl\/ons-team\/\" \/>\n<meta property=\"og:site_name\" content=\"www.skrivanek.be\" \/>\n<meta property=\"article:modified_time\" content=\"2025-08-20T09:43:13+00:00\" \/>\n<meta name=\"twitter:card\" content=\"summary_large_image\" \/>\n<meta name=\"twitter:label1\" content=\"Geschatte leestijd\" \/>\n\t<meta name=\"twitter:data1\" content=\"3 minuten\" \/>\n<script type=\"application\/ld+json\" class=\"yoast-schema-graph\">{\"@context\":\"https:\\\/\\\/schema.org\",\"@graph\":[{\"@type\":\"WebPage\",\"@id\":\"https:\\\/\\\/skrivanek.be\\\/nl\\\/ons-team\\\/\",\"url\":\"https:\\\/\\\/skrivanek.be\\\/nl\\\/ons-team\\\/\",\"name\":\"Ons Team - www.skrivanek.be\",\"isPartOf\":{\"@id\":\"https:\\\/\\\/skrivanek.be\\\/nl\\\/#website\"},\"datePublished\":\"2017-10-20T13:03:23+00:00\",\"dateModified\":\"2025-08-20T09:43:13+00:00\",\"breadcrumb\":{\"@id\":\"https:\\\/\\\/skrivanek.be\\\/nl\\\/ons-team\\\/#breadcrumb\"},\"inLanguage\":\"nl-NL\",\"potentialAction\":[{\"@type\":\"ReadAction\",\"target\":[\"https:\\\/\\\/skrivanek.be\\\/nl\\\/ons-team\\\/\"]}]},{\"@type\":\"BreadcrumbList\",\"@id\":\"https:\\\/\\\/skrivanek.be\\\/nl\\\/ons-team\\\/#breadcrumb\",\"itemListElement\":[{\"@type\":\"ListItem\",\"position\":1,\"name\":\"Home\",\"item\":\"https:\\\/\\\/skrivanek.be\\\/nl\\\/\"},{\"@type\":\"ListItem\",\"position\":2,\"name\":\"Ons Team\"}]},{\"@type\":\"WebSite\",\"@id\":\"https:\\\/\\\/skrivanek.be\\\/nl\\\/#website\",\"url\":\"https:\\\/\\\/skrivanek.be\\\/nl\\\/\",\"name\":\"www.skrivanek.be\",\"description\":\"professional languages in all languages\",\"potentialAction\":[{\"@type\":\"SearchAction\",\"target\":{\"@type\":\"EntryPoint\",\"urlTemplate\":\"https:\\\/\\\/skrivanek.be\\\/nl\\\/?s={search_term_string}\"},\"query-input\":{\"@type\":\"PropertyValueSpecification\",\"valueRequired\":true,\"valueName\":\"search_term_string\"}}],\"inLanguage\":\"nl-NL\"}]}<\/script>\n<!-- \/ Yoast SEO plugin. -->","yoast_head_json":{"title":"Ons Team - www.skrivanek.be","robots":{"index":"index","follow":"follow","max-snippet":"max-snippet:-1","max-image-preview":"max-image-preview:large","max-video-preview":"max-video-preview:-1"},"canonical":"https:\/\/skrivanek.be\/nl\/ons-team\/","og_locale":"nl_NL","og_type":"article","og_title":"Ons Team - www.skrivanek.be","og_description":"[vc_row][vc_column margin_b=&#8221;false&#8221;][\/vc_column][\/vc_row][vc_row full_width=&#8221;true&#8221;][vc_column][vc_row_inner equal_height=&#8221;yes&#8221;][vc_column_inner width=&#8221;1\/3&#8243; css=&#8221;.vc_custom_1508497650664{margin-top: 10px !important;margin-right: 10px !important;margin-bottom: 10px !important;margin-left: 10px !important;border-top-width: 1px !important;border-right-width: 1px !important;border-bottom-width: 1px !important;border-left-width:...","og_url":"https:\/\/skrivanek.be\/nl\/ons-team\/","og_site_name":"www.skrivanek.be","article_modified_time":"2025-08-20T09:43:13+00:00","twitter_card":"summary_large_image","twitter_misc":{"Geschatte leestijd":"3 minuten"},"schema":{"@context":"https:\/\/schema.org","@graph":[{"@type":"WebPage","@id":"https:\/\/skrivanek.be\/nl\/ons-team\/","url":"https:\/\/skrivanek.be\/nl\/ons-team\/","name":"Ons Team - www.skrivanek.be","isPartOf":{"@id":"https:\/\/skrivanek.be\/nl\/#website"},"datePublished":"2017-10-20T13:03:23+00:00","dateModified":"2025-08-20T09:43:13+00:00","breadcrumb":{"@id":"https:\/\/skrivanek.be\/nl\/ons-team\/#breadcrumb"},"inLanguage":"nl-NL","potentialAction":[{"@type":"ReadAction","target":["https:\/\/skrivanek.be\/nl\/ons-team\/"]}]},{"@type":"BreadcrumbList","@id":"https:\/\/skrivanek.be\/nl\/ons-team\/#breadcrumb","itemListElement":[{"@type":"ListItem","position":1,"name":"Home","item":"https:\/\/skrivanek.be\/nl\/"},{"@type":"ListItem","position":2,"name":"Ons Team"}]},{"@type":"WebSite","@id":"https:\/\/skrivanek.be\/nl\/#website","url":"https:\/\/skrivanek.be\/nl\/","name":"www.skrivanek.be","description":"professional languages in all languages","potentialAction":[{"@type":"SearchAction","target":{"@type":"EntryPoint","urlTemplate":"https:\/\/skrivanek.be\/nl\/?s={search_term_string}"},"query-input":{"@type":"PropertyValueSpecification","valueRequired":true,"valueName":"search_term_string"}}],"inLanguage":"nl-NL"}]}},"_links":{"self":[{"href":"https:\/\/skrivanek.be\/nl\/wp-json\/wp\/v2\/pages\/160","targetHints":{"allow":["GET"]}}],"collection":[{"href":"https:\/\/skrivanek.be\/nl\/wp-json\/wp\/v2\/pages"}],"about":[{"href":"https:\/\/skrivanek.be\/nl\/wp-json\/wp\/v2\/types\/page"}],"author":[{"embeddable":true,"href":"https:\/\/skrivanek.be\/nl\/wp-json\/wp\/v2\/users\/1"}],"replies":[{"embeddable":true,"href":"https:\/\/skrivanek.be\/nl\/wp-json\/wp\/v2\/comments?post=160"}],"version-history":[{"count":12,"href":"https:\/\/skrivanek.be\/nl\/wp-json\/wp\/v2\/pages\/160\/revisions"}],"predecessor-version":[{"id":8661,"href":"https:\/\/skrivanek.be\/nl\/wp-json\/wp\/v2\/pages\/160\/revisions\/8661"}],"wp:attachment":[{"href":"https:\/\/skrivanek.be\/nl\/wp-json\/wp\/v2\/media?parent=160"}],"curies":[{"name":"wp","href":"https:\/\/api.w.org\/{rel}","templated":true}]}}